{"id":138,"date":"2021-02-16T02:55:37","date_gmt":"2021-02-16T01:55:37","guid":{"rendered":"http:\/\/vegaaixala.com\/?page_id=138"},"modified":"2023-07-28T17:43:26","modified_gmt":"2023-07-28T15:43:26","slug":"condiciones-generales-de-venta","status":"publish","type":"page","link":"https:\/\/vegaaixala.com\/fr\/condiciones-generales-de-venta\/","title":{"rendered":"Conditions g\u00e9n\u00e9rales de vente (CGV) de Vega Aixal\u00e0 (Vilanova Vins, S.L.)"},"content":{"rendered":"<div style=\"height:25px\" aria-hidden=\"true\" class=\"wp-block-spacer\"><\/div><div style=\"height:25px\" aria-hidden=\"true\" class=\"wp-block-spacer\"><\/div><h3 class=\"wp-block-heading\">1. \u00c1mbito de aplicaci\u00f3n<\/h3><p>(ii). Se excluye expresamente la aplicaci\u00f3n de cualesquiera condiciones generales de las que el Cliente pueda servirse en sus relaciones comerciales, incluso en los supuestos en que las mismas no hayan sido rechazadas expresamente por VILANOVA VINS, S.L. con respecto a alguna operaci\u00f3n comercial en particular. Cualquier solicitud de presupuesto remitida por el Cliente a VILANOVA VINS, S.L. para la adquisici\u00f3n de cualquier producto VEGA AIXAL\u00c0, as\u00ed como cualquier venta que no se realice directamente a trav\u00e9s de la Web no quedar\u00e1 sujeta a las presentes CGV.<\/p><div style=\"height:50px\" aria-hidden=\"true\" class=\"wp-block-spacer\"><\/div><h3 class=\"wp-block-heading\">2. Ofertas, pedidos y documentaci\u00f3n negocial<\/h3><p>(i). Todos los pedidos deber\u00e1n realizarse a trav\u00e9s de la Web siguiendo los pasos previstos en la misma.<\/p><p>(ii). Las ofertas de VILANOVA VINS, S.L. no son vinculantes para ella y, por consiguiente, est\u00e1n sujetas a modificaciones en tanto el pedido efectuado por el Cliente y, basado en una oferta, no sea confirmado por escrito por parte de VEGA AIXAL\u00c0.<\/p><p>(iii). Para que se entienda formalizada la compraventa del producto o productos ser\u00e1 necesaria la confirmaci\u00f3n del pedido mediante el env\u00edo de un email por parte de VILANOVA VINS, S.L. al Cliente una vez VILANOVA VINS, S.L. tenga constancia de la recepci\u00f3n del pago de la totalidad del importe del pedido. VILANOVA VINS, S.L. se reserva el derecho de no aceptar pedidos de aquellos Clientes que tengan contra\u00edda una deuda con VEGA AIXAL\u00c0.<\/p><p>(iv). No se aceptar\u00e1n cancelaciones de pedidos a trav\u00e9s de la web. VILANOVA VINS, S.L. no est\u00e1 obligada a aceptar la anulaci\u00f3n o la modificaci\u00f3n de un pedido una vez dicho pedido haya sido pagado.<\/p><p>(v). Pertenecen a VILANOVA VINS, S.L. todos los derechos de propiedad industrial y\/o intelectuales correspondientes a la documentaci\u00f3n que pueda, en su caso, entregarse al Cliente en relaci\u00f3n con la negociaci\u00f3n, formalizaci\u00f3n y\/o ejecuci\u00f3n del contrato.<\/p><div style=\"height:50px\" aria-hidden=\"true\" class=\"wp-block-spacer\"><\/div><h3 class=\"wp-block-heading\">3. Prix<\/h3><p>(i). Por el s\u00f3lo hecho de realizar un pedido se entender\u00e1 que el Cliente acepta las tarifas de precios y las condiciones de pago vigentes en ese momento, las cuales podr\u00e1n siempre ser modificadas por VILANOVA VINS, S.L. para las futuras operaciones. Las nuevas tarifas y\/o condiciones de pago aprobadas por VILANOVA VINS, S.L. ser\u00e1n aplicables a todos aquellos pedidos que se realicen a partir de su entrada en vigor. Los precios de los productos no incluyen su transporte, ni cualquier otro gasto o coste adicional, los cuales se facturar\u00e1n, en su caso, aparte.<\/p><p>(ii). Los precios indicados en la Web est\u00e1n expresados en EUROS e incluyen el Impuesto sobre el Valor A\u00f1adido (\u201cIVA\u201d). Consecuentemente, el importe de los productos se ver\u00e1 incrementado con el IVA correspondiente o cualesquiera otros tributos y gastos que resulten aplicables seg\u00fan la legislaci\u00f3n vigente en el momento de facturaci\u00f3n.<\/p><p>(iii). En el caso de que, debido a factores ajenos a VEGA AIXAL\u00c0, tales como incrementos en los costes de las materias primas o de la mano de obra, el incremento o la imposici\u00f3n de aranceles, huelgas, alteraciones en los tipos de cambio, etc., se vean incrementados los costes del Producto solicitado, VILANOVA VINS, S.L. podr\u00e1, poni\u00e9ndolo previamente en conocimiento del Cliente, incrementar el precio del Producto con anterioridad a su fabricaci\u00f3n. En el caso de que al Cliente rechazara las nuevas condiciones respecto a los precios, podr\u00e1 entonces desistir de su pedido.<\/p><div style=\"height:50px\" aria-hidden=\"true\" class=\"wp-block-spacer\"><\/div><h3 class=\"wp-block-heading\">&nbsp;4. Forma de pago<\/h3><p>(i). El pago del pedido realizado por el Cliente deber\u00e1 efectuarse mediante pago con tarjeta bancaria a trav\u00e9s de la pasarela de pago habilitada en la Web.<\/p><p>(ii). La factura referente al pedido se emitir\u00e1 consignando los datos indicados por el Cliente en el apartado \u201cdatos de facturaci\u00f3n\u201d durante el proceso de compra de los productos. Dicha factura ser\u00e1 expedida electr\u00f3nicamente en el momento del env\u00edo de los productos.<\/p><div style=\"height:50px\" aria-hidden=\"true\" class=\"wp-block-spacer\"><\/div><h3 class=\"wp-block-heading\">5. Env\u00edo del Producto<\/h3><p>(i). La entrega de los Productos se efectuar\u00e1 en el lugar que el Cliente hubiese indicado durante el proceso de compra. Se realizar\u00e1n dentro del territorio de Europa.&nbsp; VILANOVA VINS S.L. no entrega a Ceuta, Melilla ni Islas Canarias, Para los pa\u00edses que no formen parte de la Uni\u00f3n Europea, los gastos de env\u00edo y, en su caso, los aranceles, ser\u00e1n asumidos por el Cliente.<\/p><p>(ii). Salvo pacto en contrario, se entender\u00e1 que los plazos de entrega que puedan eventualmente indicarse por parte de VILANOVA VINS, S.L. son meramente orientativos y que, por tanto, no revisten car\u00e1cter esencial, por lo que VILANOVA VINS, S.L. no asumir\u00e1 responsabilidad alguna como consecuencia de la superaci\u00f3n de dichos plazos.<\/p><p>(iii). El plazo de entrega orientativo se empezar\u00e1 a contar desde la fecha de confirmaci\u00f3n del pedido mediante email remitido por VEGA AIXAL\u00c0.<\/p><p>(iv). En caso de supuestos de fuerza mayor o de cualquier acontecimiento impredecible al momento de conclusi\u00f3n del contrato, tales como pandemias, desastres naturales, incendios, adopci\u00f3n de medidas administrativas, cierres patronales legales, falta o deficiencias en las materias primas y en la energ\u00eda, y que no sean imputables a VEGA AIXAL\u00c0, podr\u00e1 \u00e9sta, bien prorrogar los plazos de entrega, en el caso de que tales supuestos y acontecimientos revistan car\u00e1cter transitorio, bien desistir del contrato, en el caso de que \u00e9stos no tengan car\u00e1cter transitorio, imposibiliten o dificulten el suministro o realizaci\u00f3n de las prestaciones de forma esencial, o no pueda preverse razonablemente cu\u00e1ndo cesar\u00e1n. La misma regla se aplicar\u00e1 cuando tales sucesos y acontecimientos afecten a proveedores y a los transportistas contratados por VEGA AIXAL\u00c0. En el caso de que VILANOVA VINS, S.L. opte por desistir del contrato, se llevar\u00e1 a cabo entre las partes la liquidaci\u00f3n que corresponda, sin que ninguna de ellas pueda reclamar a la otra da\u00f1os ni perjuicios. El Cliente podr\u00e1 exigir a VILANOVA VINS, S.L. que se pronuncie sobre si, conforme a lo indicado anteriormente, prorrogar\u00e1 los plazos de entrega o desistir\u00e1 del contrato.<\/p><p>(v). Salvo que concurra algunos de los supuestos expresamente previstos en la cl\u00e1usula relativa a la devoluci\u00f3n de los productos, no se aceptar\u00e1 la devoluci\u00f3n del Producto.&nbsp;<\/p><div style=\"height:50px\" aria-hidden=\"true\" class=\"wp-block-spacer\"><\/div><h3 class=\"wp-block-heading\">6. Transmisi\u00f3n de los riesgos. Transporte y seguros<\/h3><p>(i). La transmisi\u00f3n de riesgos se producir\u00e1 con la puesta del Producto a disposici\u00f3n del transportista escogido por VEGA AIXAL\u00c0 para llevar a cabo la entrega.<\/p><p>(ii) La entrega de los productos adquiridos se realizar\u00e1 en la direcci\u00f3n indicada por el Cliente durante el proceso de compra. El d\u00eda anterior a la entrega de los productos el Cliente recibir\u00e1 un email anunci\u00e1ndole la entrega de los productos. En el supuesto de que la empresa de transporte no pudiese entregar los productos el d\u00eda acordado se intentar\u00e1 una nueva entrega el d\u00eda posterior. Si el segundo intento de entrega tambi\u00e9n fuese fallido, los productos ser\u00e1n devueltos a las instalaciones de VEGA AIXAL\u00c0<\/p><p>(iii). Los gastos de devoluci\u00f3n del pedido correr\u00e1n a cargo del Cliente, as\u00ed como los gastos de manipulaci\u00f3n que supondr\u00e1n un 25% del importe del pedido inicial.<\/p><p>(iv). En el supuesto de que, una vez recepcionado en nuestras instalaciones el pedido que no hubiese podido ser entregado el Cliente manifestase que quiere que se le vuelva a hacer entrega del pedido, \u00e9ste deber\u00e1 abonar nuevamente los gastos de entrega.<\/p><p>(vi). En ning\u00fan caso se proceder\u00e1 al reembolso econ\u00f3mico del importe del pedido que corresponda.<\/p><div style=\"height:50px\" aria-hidden=\"true\" class=\"wp-block-spacer\"><\/div><h3 class=\"wp-block-heading\">7. Derechos de propiedad industrial e intelectual<\/h3><p>(i). El Cliente deber\u00e1 informar a VILANOVA VINS, S.L.de cualquier eventual vulneraci\u00f3n de los derechos de propiedad industrial e intelectual de VEGA AIXAL\u00c0, por parte de terceros, de la que tenga conocimiento.<\/p><div style=\"height:50px\" aria-hidden=\"true\" class=\"wp-block-spacer\"><\/div><h3 class=\"wp-block-heading\">8. Datos personales<\/h3><p>(i).De conformidad con lo establecido en el Reglamento 2016\/679 General de Protecci\u00f3n de Datos de fecha 27 de abril de 2016 y la Ley Org\u00e1nica 3\/2018 de fecha 5 de diciembre, de Protecci\u00f3n de Datos Personales y garant\u00eda de los derechos digitales, se informa a los Clientes que los datos personales facilitados ser\u00e1n responsabilidad de VILANOVA VINS, S.L., S.A.U. VILANOVA VINS, S.L. tratar\u00e1 los datos personales que se le suministren a los fines de atender y gestionar la relaci\u00f3n comercial, as\u00ed como remitir informaci\u00f3n sobre Productos y servicios de VILANOVA VINS, S.L. cuando los Clientes hayan prestado su consentimiento. El tratamiento de dichos datos est\u00e1 basado en el consentimiento del interesado al solicitar el servicio o cumplimentar la solicitud. Los datos de car\u00e1cter personal recogidos, ser\u00e1n tratados con la debida diligencia y seguridad y cumpliendo en todo caso las vigentes disposiciones legales en cada momento. Los datos proporcionados se conservar\u00e1n mientras se mantenga la relaci\u00f3n comercial o durante el tiempo necesario para cumplir con las obligaciones legales. En ning\u00fan caso se contempla por parte de VILANOVA VINS, S.L. la transferencia internacional de datos personales a terceros pa\u00edses fuera de la UE. Los Clientes tendr\u00e1n derecho a presentar una reclamaci\u00f3n ante la Agencia Espa\u00f1ola de Protecci\u00f3n de datos en el caso de que consideren que se han vulnerado las vigentes disposiciones legales en materia de protecci\u00f3n de datos. Asimismo, los Clientes podr\u00e1n ejercer los derechos de acceso, rectificaci\u00f3n, oposici\u00f3n, limitaci\u00f3n del tratamiento, portabilidad y cancelaci\u00f3n dirigi\u00e9ndose VILANOVA VINS, S.L., S.A.U., en la direcci\u00f3n Carrer de la Font, 11, 43439 Vilanova de Prades (Espa\u00f1a) o por email a la direcci\u00f3n <a href=\"mailto:red@vegaaixala.com\">red@vegaaixala.com<\/a> <\/p><div style=\"height:50px\" aria-hidden=\"true\" class=\"wp-block-spacer\"><\/div><h3 class=\"wp-block-heading\">9. Derecho aplicable y Jurisdicci\u00f3n<\/h3><p>(i). Las relaciones entre VILANOVA VINS, S.L. y el Cliente se regir\u00e1n por Derecho espa\u00f1ol de car\u00e1cter com\u00fan general (C\u00f3digo de Comercio, C\u00f3digo Civil, y dem\u00e1s normativa de alcance nacional), quedando expresamente excluida la aplicaci\u00f3n de cualesquiera normas civiles y mercantiles de \u00e1mbito auton\u00f3mico. En el caso de que el Cliente sea una entidad extranjera, queda expresamente excluida la aplicaci\u00f3n de la Convenci\u00f3n de las Naciones Unidas sobre Compraventa Internacional de Mercader\u00edas (CISG), as\u00ed como cualquier otra norma de derecho uniforme de alcance supranacional. Queda tambi\u00e9n expresamente excluida la aplicaci\u00f3n de las normas de conflicto de Derecho espa\u00f1ol, en particular, las normas de reenv\u00edo.<\/p><p>(ii). Cualquier disputa que pudiera surgir entre las partes en relaci\u00f3n con las presentes CGV y\/o los contratos suscritos bajo las mismas, se sustanciar\u00e1n ante la Jurisdicci\u00f3n de los juzgados y tribunales de la ciudad de Tarragona (Espa\u00f1a). No obstante, y si as\u00ed lo desea, VILANOVA VINS, S.L. podr\u00e1 ejercitar acciones legales contra el Cliente ante los tribunales del domicilio de \u00e9ste. Quedan en todo caso a salvo las disposiciones legales sobre esta materia de car\u00e1cter imperativo.<\/p><div style=\"height:50px\" aria-hidden=\"true\" class=\"wp-block-spacer\"><\/div><h3 class=\"wp-block-heading\">10. Vigencia y actualizaci\u00f3n de las Condiciones Generales de Venta<\/h3><p>(i). En el caso de que alguna de las disposiciones de las presentes CGV fuera declarada nula o deviniera ineficaz, esto no afectar\u00e1 a la validez y eficacia del resto de disposiciones, debiendo sustituirse aquella disposici\u00f3n que hubiera sido declarada nula o deviniera ineficaz por aquella otra que, siendo v\u00e1lida y eficaz, m\u00e1s se aproxime a la finalidad econ\u00f3mica perseguida por las partes a trav\u00e9s de la disposici\u00f3n que hubiera sido declarada nula o hubiera devenido ineficaz.<\/p><p>(ii). Por \u00faltimo, VILANOVA VINS, S.L. se reserva la facultad de modificar, suprimir o actualizar, en cualquier momento, las presentes CGV.<\/p><div style=\"height:50px\" aria-hidden=\"true\" class=\"wp-block-spacer\"><\/div><h3 class=\"wp-block-heading\">11.- Seguridad y protecci\u00f3n a compradores<\/h3><p>(i). Se cumplen los protocolos SLL, utilizados en las pasarelas de pago el sistema 3DSecure redirigiendo los datos a servidores seguros sin que VILANOVA VINS, S.L. o la Web pueda acceder a ellos o almacenarlos.<\/p><div style=\"height:50px\" aria-hidden=\"true\" class=\"wp-block-spacer\"><\/div>","protected":false},"excerpt":{"rendered":"<p>1. \u00c1mbito de aplicaci\u00f3n (ii). Se excluye expresamente la aplicaci\u00f3n [&hellip;]<\/p>","protected":false},"author":1,"featured_media":0,"parent":0,"menu_order":0,"comment_status":"closed","ping_status":"closed","template":"","meta":{"site-sidebar-layout":"default","site-content-layout":"default","ast-site-content-layout":"default","site-content-style":"default","site-sidebar-style":"default","ast-global-header-display":"","ast-banner-title-visibility":"","ast-main-header-display":"","ast-hfb-above-header-display":"","ast-hfb-below-header-display":"","ast-hfb-mobile-header-display":"","site-post-title":"","ast-breadcrumbs-content":"","ast-featured-img":"","footer-sml-layout":"","theme-transparent-header-meta":"default","adv-header-id-meta":"","stick-header-meta":"default","header-above-stick-meta":"","header-main-stick-meta":"","header-below-stick-meta":"","astra-migrate-meta-layouts":"default","ast-page-background-enabled":"default","ast-page-background-meta":{"desktop":{"background-color":"","background-image":"","background-repeat":"repeat","background-position":"center center","background-size":"auto","background-attachment":"scroll","background-type":"","background-media":"","overlay-type":"","overlay-color":"","overlay-opacity":"","overlay-gradient":""},"tablet":{"background-color":"","background-image":"","background-repeat":"repeat","background-position":"center center","background-size":"auto","background-attachment":"scroll","background-type":"","background-media":"","overlay-type":"","overlay-color":"","overlay-opacity":"","overlay-gradient":""},"mobile":{"background-color":"","background-image":"","background-repeat":"repeat","background-position":"center center","background-size":"auto","background-attachment":"scroll","background-type":"","background-media":"","overlay-type":"","overlay-color":"","overlay-opacity":"","overlay-gradient":""}},"ast-content-background-meta":{"desktop":{"background-color":"var(--ast-global-color-5)","background-image":"","background-repeat":"repeat","background-position":"center center","background-size":"auto","background-attachment":"scroll","background-type":"","background-media":"","overlay-type":"","overlay-color":"","overlay-opacity":"","overlay-gradient":""},"tablet":{"background-color":"var(--ast-global-color-5)","background-image":"","background-repeat":"repeat","background-position":"center center","background-size":"auto","background-attachment":"scroll","background-type":"","background-media":"","overlay-type":"","overlay-color":"","overlay-opacity":"","overlay-gradient":""},"mobile":{"background-color":"var(--ast-global-color-5)","background-image":"","background-repeat":"repeat","background-position":"center center","background-size":"auto","background-attachment":"scroll","background-type":"","background-media":"","overlay-type":"","overlay-color":"","overlay-opacity":"","overlay-gradient":""}},"footnotes":""},"class_list":["post-138","page","type-page","status-publish","hentry"],"_links":{"self":[{"href":"https:\/\/vegaaixala.com\/fr\/wp-json\/wp\/v2\/pages\/138","targetHints":{"allow":["GET"]}}],"collection":[{"href":"https:\/\/vegaaixala.com\/fr\/wp-json\/wp\/v2\/pages"}],"about":[{"href":"https:\/\/vegaaixala.com\/fr\/wp-json\/wp\/v2\/types\/page"}],"author":[{"embeddable":true,"href":"https:\/\/vegaaixala.com\/fr\/wp-json\/wp\/v2\/users\/1"}],"replies":[{"embeddable":true,"href":"https:\/\/vegaaixala.com\/fr\/wp-json\/wp\/v2\/comments?post=138"}],"version-history":[{"count":0,"href":"https:\/\/vegaaixala.com\/fr\/wp-json\/wp\/v2\/pages\/138\/revisions"}],"wp:attachment":[{"href":"https:\/\/vegaaixala.com\/fr\/wp-json\/wp\/v2\/media?parent=138"}],"curies":[{"name":"wp","href":"https:\/\/api.w.org\/{rel}","templated":true}]}}