{"id":137,"date":"2021-02-16T02:55:37","date_gmt":"2021-02-16T01:55:37","guid":{"rendered":"http:\/\/vegaaixala.com\/?page_id=137"},"modified":"2021-04-20T12:59:21","modified_gmt":"2021-04-20T10:59:21","slug":"privacidad-y-cookies","status":"publish","type":"page","link":"https:\/\/vegaaixala.com\/en\/privacidad-y-cookies\/","title":{"rendered":"Privacy and cookies"},"content":{"rendered":"<div style=\"height:50px\" aria-hidden=\"true\" class=\"wp-block-spacer\"><\/div><h3 class=\"wp-block-heading\">RESPONSABLE DEL TRATAMIENTO<\/h3><p>Identidad: VILANOVA VINS, S.L.<\/p><p>CIF: B43909449<\/p><p>Direcci\u00f3n postal: Carrer de la Font, 11,&nbsp; 43439 Vilanova de Prades (Conca de Barber\u00e0)<\/p><p>Tel\u00e9fono: (+34) 636 519 821<\/p><p>Correo electr\u00f3nico: <a href=\"mailto:red@vegaaixala.com\">red@vegaaixala.com<\/a><\/p><div style=\"height:50px\" aria-hidden=\"true\" class=\"wp-block-spacer\"><\/div><h3 class=\"wp-block-heading\">FINALIDAD DEL TRATAMIENTO<\/h3><p>Sus datos personales s\u00f3lo se utilizar\u00e1n para las siguientes finalidades:<\/p><ol class=\"wp-block-list\" type=\"1\"><li>Env\u00edo de informaci\u00f3n operativa y comercial por v\u00eda electr\u00f3nica o no electr\u00f3nica, relacionada con los productos y servicios de VILANOVA VINS, S.L., a t\u00edtulo meramente enunciativo, pero no limitativo, ofertas promociones, newsletter, etc.,<\/li><li>Servicio de atenci\u00f3n al cliente, resoluci\u00f3n de dudas, presentaci\u00f3n de quejas o sugerencias.<\/li><li>Gesti\u00f3n de los pedidos realizados a trav\u00e9s de esta p\u00e1gina web.<\/li><\/ol><p>Los datos personales proporcionados se conservar\u00e1n mientras no el interesado no solicite su supresi\u00f3n y, en cualquier caso, mientras se mantenga la relaci\u00f3n mercantil.<\/p><div style=\"height:50px\" aria-hidden=\"true\" class=\"wp-block-spacer\"><\/div><h3 class=\"wp-block-heading\">LEGITIMACI\u00d3N DEL TRATAMIENTO<\/h3><p>La base legal para el tratamiento de los datos de las finalidades (1) y (2) es la legitimaci\u00f3n por consentimiento del interesado para la finalidad principal, que se solicitar\u00e1 del mismo para el tratamiento de sus datos personales.<\/p><p>Para el caso de la gesti\u00f3n de los pedidos realizados, VILANOVA VINS, S.L. estar\u00e1 legitimada al tratamiento de datos cuando sean necesarios para la ejecuci\u00f3n del contrato. Para este \u00faltimo, la comunicaci\u00f3n de los datos personales m\u00ednimos es un requisito indispensable para suscribir el contrato, por lo que, en caso de no facilitar los mismos puede que no podamos facilitar el producto o servicio contratado.<\/p><div style=\"height:50px\" aria-hidden=\"true\" class=\"wp-block-spacer\"><\/div><h3 class=\"wp-block-heading\">DESTINATARIOS DE CESIONES O TRANSFERENCIAS<\/h3><p>VILANOVA VINS, S.L. no lleva a cabo ninguna cesi\u00f3n o comunicaci\u00f3n de datos ni dentro ni fuera de la UE.<\/p><div style=\"height:50px\" aria-hidden=\"true\" class=\"wp-block-spacer\"><\/div><h3 class=\"wp-block-heading\">DERECHOS DE LAS PERSONAS INTERESADAS<\/h3><p>Cualquier persona tiene derecho a obtener confirmaci\u00f3n sobre si en VILANOVA VINS, S.L. se tratan datos personales que le conciernan, o no.<\/p><p>Por otro lado, cualquier interesado podr\u00e1 solicitar el ejercicio de los siguientes derechos ante VILANOVA VINS, S.L. presentando un escrito a la direcci\u00f3n postal del encabezamiento:<\/p><ul class=\"wp-block-list\"><li>Derecho de acceso: permite al interesado conocer y obtener informaci\u00f3n sobre sus datos de car\u00e1cter personal sometidos a tratamiento.<\/li><li>Derecho de rectificaci\u00f3n o supresi\u00f3n: permite corregir errores, modificar los datos que resulten ser inexactos o incompletos y garantizar la certeza de la informaci\u00f3n objeto del tratamiento.<\/li><li>Derecho de cancelaci\u00f3n: permite que se supriman los datos que resulten ser inadecuados o excesivos.<\/li><li>Derecho de oposici\u00f3n: derecho del interesado a que no se lleve a cabo el tratamiento de sus datos de car\u00e1cter personal o se cese en el mismo.<\/li><li>Limitaci\u00f3n del tratamiento: conlleva el marcado de los datos personales conservados, con la finalidad de limitar su futuro tratamiento.<\/li><li>Portabilidad de los datos: facilitaci\u00f3n de los datos objeto de tratamiento al interesado, a fin de que \u00e9ste pueda transmitirlos a otro responsable, sin impedimentos.<\/li><li>Derecho a no ser objeto de decisiones individuales automatizadas (incluida la elaboraci\u00f3n de perfiles): derecho a no ser objeto de una decisi\u00f3n basada en el tratamiento automatizado que produzca efectos o afecte significativamente.<\/li><li>El interesado puede, en cualquier momento, revocar el consentimiento previamente otorgado para usar sus datos. En el caso de que revoque el consentimiento para almacenar y procesas sus datos, VILANOVA VINS, S.L. no podr\u00e1 proporcionarle determinados servicios.&nbsp;<\/li><\/ul><p>En caso de desatenci\u00f3n de alguno de los citados derechos el interesado podr\u00e1 interponer la correspondiente reclamaci\u00f3n de tutela ante la Agencia Espa\u00f1ola de Protecci\u00f3n de Datos.<\/p><div style=\"height:50px\" aria-hidden=\"true\" class=\"wp-block-spacer\"><\/div><h3 class=\"wp-block-heading\">POLITICA DE COOKIES<\/h3><div style=\"height:20px\" aria-hidden=\"true\" class=\"wp-block-spacer\"><\/div><h4 class=\"wp-block-heading\">\u00bfQu\u00e9 son las cookies?<\/h4><p>Esta p\u00e1gina web utiliza cookies. Una cookie es un archivo de descarga que se instala en el navegador de su ordenador. Las cookies permiten a una p\u00e1gina web, entre otras cosas, almacenar y recuperar informaci\u00f3n acerca de los h\u00e1bitos de navegaci\u00f3n del usuario o de su ordenador y, dependiendo de la informaci\u00f3n que contenga y de la forma en que utilice su ordenador, pueden utilizarse para reconocer al usuario.<\/p><div style=\"height:20px\" aria-hidden=\"true\" class=\"wp-block-spacer\"><\/div><h4 class=\"wp-block-heading\">\u00bfQu\u00e9 tipolog\u00eda de cookies se utilizan en esta web?<\/h4><ol class=\"wp-block-list\" type=\"1\"><li>Tipos de cookies seg\u00fan quien sea la entidad que gestione el equipo o dominio desde donde se env\u00edan las cookies y trate los datos que se obtengan, podemos distinguir:<\/li><\/ol><ul class=\"wp-block-list\"><li>Cookies propias: Son aqu\u00e9llas que se env\u00edan al equipo terminal del usuario desde un equipo o dominio gestionado por el propio editor y desde el que se presta el servicio solicitado por el usuario.<\/li><li>Cookies de terceros: Son aqu\u00e9llas que se env\u00edan al equipo terminal del usuario desde un equipo o dominio que no es gestionado por el editor, sino por otra entidad que trata los datos obtenidos trav\u00e9s de las cookies.<\/li><\/ul><ol class=\"wp-block-list\" start=\"2\"><li>Tipos de cookies seg\u00fan el plazo de tiempo que permanecen activadas en el equipo terminal:<\/li><\/ol><ul class=\"wp-block-list\"><li>Cookies de sesi\u00f3n: Son un tipo de cookies dise\u00f1adas para recabar y almacenar datos mientras el usuario accede a una p\u00e1gina web.<\/li><li>Cookies persistentes: Son un tipo de cookies que permiten que los datos se almacenen en el terminal y pueden ser accedidos y tratados durante un periodo definido por el responsable de la cookie, y que puede ir de unos minutos a varios a\u00f1os.<\/li><\/ul><ol class=\"wp-block-list\" start=\"3\"><li>Tipos de cookies seg\u00fan su finalidad:<\/li><\/ol><ul class=\"wp-block-list\"><li>Cookies t\u00e9cnicas: Son aquellas necesarias para el buen funcionamiento de la p\u00e1gina web y que son imprescindibles para que el usuario pueda utilizar los servicios y acceder al contenido que solicite el usuario e interactuar con sus funcionalidades. Su desactivaci\u00f3n podr\u00eda impedir el correcto funcionamiento de la p\u00e1gina web.<\/li><li>Cookies anal\u00edticas: son aquellas que permiten el seguimiento y an\u00e1lisis del comportamiento del usuario del sitio web al que est\u00e1n vinculadas. La informaci\u00f3n que se recaba se utiliza para la medici\u00f3n de audiencias, tr\u00e1fico e implicaci\u00f3n con la p\u00e1gina web.&nbsp; Asimismo, permiten conocer el navegador utilizado o el idioma elegido, entre otras. Estas cookies, se activan de forma autom\u00e1tica en nuestra p\u00e1gina web, no obstante, puede deshabilitar estas cookies mediante los sistemas de exclusi\u00f3n proporcionados por las herramientas o mediante la configuraci\u00f3n del navegador.<\/li><li>Cookies publicidad: Son aqu\u00e9llas que permiten la gesti\u00f3n de la forma m\u00e1s eficaz posible, de los espacios publicitarios que, en su caso, el editor haya incluido en su p\u00e1gina web, aplicaci\u00f3n o plataforma desde la que presta el servicio solicitado en base a criterios como el contenido editado o la frecuencia en la que se muestran los anuncios.<\/li><li>Sociales: Son necesarias para las redes sociales externas (Facebook, Google, Twitter, Pinterest, etc.). Su funci\u00f3n es controlar la interacci\u00f3n con los widgets sociales dentro de una p\u00e1gina web.<\/li><\/ul><div style=\"height:50px\" aria-hidden=\"true\" class=\"wp-block-spacer\"><\/div><h4 class=\"wp-block-heading\">COOKIES FUNCIONALES<\/h4><p>Origen: Sitio Vega Aixal\u00e0<\/p><p>Informaci\u00f3n: PROPIAS \/ PERSISTENTE (180 d\u00edas)<\/p><p>Nos permiten saber que eres mayor de edad y por tanto tienes derecho a usar esta p\u00e1gina web.<\/p><p>Origen: Tienda web Vega Aixal\u00e0<\/p><p>Informaci\u00f3n: PROPIAS \/ DE SESI\u00d3N<\/p><p>Se activan cuando un usuario interact\u00faa con la tienda. Nos permiten detectar los cambios en el contenido del carrito. Estas cookies no almacenan informaci\u00f3n personal.<\/p><h4 class=\"wp-block-heading\">COOKIES ANAL\u00cdTICAS<\/h4><p>Origen: GOOGLE &nbsp;&nbsp;&nbsp;&nbsp;&nbsp;&nbsp;&nbsp;&nbsp;&nbsp;&nbsp;&nbsp;<\/p><p>Informaci\u00f3n: ANALYTICS DE TERCEROS \/ PERSISTENTE<\/p><p>Nos ayuda a entender el modo en que los visitantes interact\u00faan con las propiedades de la web. Para ello, utiliza un conjunto de cookies para recopilar informaci\u00f3n e informar de las estad\u00edsticas de uso de nuestro sitio web. M\u00e1s informaci\u00f3n: https:\/\/support.google.com\/analytics\/answer\/6004245<\/p><p>Sistema de rechazo (Opt-Out): https:\/\/tools.google.com\/dlpage\/gaoptout?hl=None<\/p><p>Conservaci\u00f3n: Permanente<\/p><h4 class=\"wp-block-heading\">COOKIES SOCIALES<\/h4><p>Origen: FACEBOOK CONNECT&nbsp;&nbsp;&nbsp;<\/p><p>Informaci\u00f3n: DE TERCEROS \/ PERSISTENTE<\/p><p>Facebook Connect es un servicio titularidad de Facebook, Inc. cuya finalidad es controlar la interacci\u00f3n con los widgets sociales dentro del mismo. Esta cookie permite al Usuario compartir contenidos del Sitio Web con terceros y publicar comentarios en las redes sociales en las que \u00e9ste tenga un perfil.<\/p><p>M\u00e1s informaci\u00f3n: https:\/\/es-es.facebook.com\/policies\/cookies\/<\/p><div style=\"height:50px\" aria-hidden=\"true\" class=\"wp-block-spacer\"><\/div><p>Asimismo, le informamos que el usuario puede ajustar con facilidad la configuraci\u00f3n de su navegador para bloquear o eliminar las cookies instaladas en cualquier momento. No obstante, deshabilitarlas podr\u00eda modificar el funcionamiento de la p\u00e1gina web y provocar que determinados servicios de la p\u00e1gina web no se encuentren disponibles.<\/p><p>Cada navegador tiene una configuraci\u00f3n distinta para inhabilitar las cookies. A continuaci\u00f3n, mostramos los pasos a seguir para desactivar o eliminar las cookies en sus principales navegadores:<\/p><ul class=\"wp-block-list\"><li>Chrome: http:\/\/support.google.com\/chrome\/bin\/answer.py?hl=es&amp;answer=95647<\/li><li>Explorer: http:\/\/windows.microsoft.com\/es-es\/windows7\/how-to-manage-Cookies-in-internet-explorer-9<\/li><li>Firefox: http:\/\/support.mozilla.org\/es\/kb\/habilitar-y-deshabilitar-Cookies-que-los-sitios-we<\/li><li>Safari http:\/\/support.apple.com\/kb\/ph5042<\/li><\/ul><div style=\"height:50px\" aria-hidden=\"true\" class=\"wp-block-spacer\"><\/div><p>Esta Pol\u00edtica de Cookies puede ser modificada en funci\u00f3n de las modificaciones legislativas a fin de adaptarla a las instrucciones dictadas por la Agencia Espa\u00f1ola de Protecci\u00f3n de Datos, por lo que se recomienda a los usuarios que la consulten peri\u00f3dicamente.<\/p><p>Si desea modificar su consentimiento, puede hacerlo en todo momento enviando un email a <a href=\"mailto:red@vegaaixala.com\">red@vegaaixala.com<\/a><\/p><div style=\"height:50px\" aria-hidden=\"true\" class=\"wp-block-spacer\"><\/div><p><\/p>","protected":false},"excerpt":{"rendered":"<p>RESPONSABLE DEL TRATAMIENTO Identidad: VILANOVA VINS, S.L. CIF: B43909449 Direcci\u00f3n [&hellip;]<\/p>","protected":false},"author":1,"featured_media":0,"parent":0,"menu_order":0,"comment_status":"closed","ping_status":"closed","template":"","meta":{"site-sidebar-layout":"default","site-content-layout":"default","ast-site-content-layout":"default","site-content-style":"default","site-sidebar-style":"default","ast-global-header-display":"","ast-banner-title-visibility":"","ast-main-header-display":"","ast-hfb-above-header-display":"","ast-hfb-below-header-display":"","ast-hfb-mobile-header-display":"","site-post-title":"","ast-breadcrumbs-content":"","ast-featured-img":"","footer-sml-layout":"","theme-transparent-header-meta":"default","adv-header-id-meta":"","stick-header-meta":"default","header-above-stick-meta":"","header-main-stick-meta":"","header-below-stick-meta":"","astra-migrate-meta-layouts":"default","ast-page-background-enabled":"default","ast-page-background-meta":{"desktop":{"background-color":"","background-image":"","background-repeat":"repeat","background-position":"center center","background-size":"auto","background-attachment":"scroll","background-type":"","background-media":"","overlay-type":"","overlay-color":"","overlay-opacity":"","overlay-gradient":""},"tablet":{"background-color":"","background-image":"","background-repeat":"repeat","background-position":"center center","background-size":"auto","background-attachment":"scroll","background-type":"","background-media":"","overlay-type":"","overlay-color":"","overlay-opacity":"","overlay-gradient":""},"mobile":{"background-color":"","background-image":"","background-repeat":"repeat","background-position":"center center","background-size":"auto","background-attachment":"scroll","background-type":"","background-media":"","overlay-type":"","overlay-color":"","overlay-opacity":"","overlay-gradient":""}},"ast-content-background-meta":{"desktop":{"background-color":"var(--ast-global-color-5)","background-image":"","background-repeat":"repeat","background-position":"center center","background-size":"auto","background-attachment":"scroll","background-type":"","background-media":"","overlay-type":"","overlay-color":"","overlay-opacity":"","overlay-gradient":""},"tablet":{"background-color":"var(--ast-global-color-5)","background-image":"","background-repeat":"repeat","background-position":"center center","background-size":"auto","background-attachment":"scroll","background-type":"","background-media":"","overlay-type":"","overlay-color":"","overlay-opacity":"","overlay-gradient":""},"mobile":{"background-color":"var(--ast-global-color-5)","background-image":"","background-repeat":"repeat","background-position":"center center","background-size":"auto","background-attachment":"scroll","background-type":"","background-media":"","overlay-type":"","overlay-color":"","overlay-opacity":"","overlay-gradient":""}},"footnotes":""},"class_list":["post-137","page","type-page","status-publish","hentry"],"_links":{"self":[{"href":"https:\/\/vegaaixala.com\/en\/wp-json\/wp\/v2\/pages\/137","targetHints":{"allow":["GET"]}}],"collection":[{"href":"https:\/\/vegaaixala.com\/en\/wp-json\/wp\/v2\/pages"}],"about":[{"href":"https:\/\/vegaaixala.com\/en\/wp-json\/wp\/v2\/types\/page"}],"author":[{"embeddable":true,"href":"https:\/\/vegaaixala.com\/en\/wp-json\/wp\/v2\/users\/1"}],"replies":[{"embeddable":true,"href":"https:\/\/vegaaixala.com\/en\/wp-json\/wp\/v2\/comments?post=137"}],"version-history":[{"count":0,"href":"https:\/\/vegaaixala.com\/en\/wp-json\/wp\/v2\/pages\/137\/revisions"}],"wp:attachment":[{"href":"https:\/\/vegaaixala.com\/en\/wp-json\/wp\/v2\/media?parent=137"}],"curies":[{"name":"wp","href":"https:\/\/api.w.org\/{rel}","templated":true}]}}