{"id":69,"date":"2021-02-16T00:54:42","date_gmt":"2021-02-15T23:54:42","guid":{"rendered":"http:\/\/vegaaixala.com\/producto\/import-placeholder-for-688\/"},"modified":"2026-02-03T18:34:48","modified_gmt":"2026-02-03T17:34:48","slug":"aceite-virgen-extra-botella-25-cl","status":"publish","type":"product","link":"https:\/\/vegaaixala.com\/ca\/prod\/aceite-virgen-extra-botella-25-cl\/","title":{"rendered":"Oli d'oliva verge extra \u2013 Ampolla 50 cl"},"content":{"rendered":"","protected":false},"excerpt":{"rendered":"<p>Oli d'oliva verge extra 100% arbequina amb conreu a Vallclara (Tarragona), a 800 metres d'altitud. Optem per una collita primerenca (els \u00faltims dies d'octubre) perqu\u00e8 l'oliva encara estigui una mica verda i aconseguir l'oli de millor qualitat, encara que aix\u00f2 impliqui reduir-ne el volum total. L'oli d'oliva verge extra Vega Aixal\u00e0 \u00e9s ideal per a qualsevol tipus de plat cuinat, per a les amanides i per als postres.<br \/>\n\u00c9s un oli net i brillant amb tocs de fruites arom\u00e0tiques (poma), herba acabada de tallar i tom\u00e0quets verds. T\u00e9 un bon equilibri entre acidesa i amargor, per\u00f2 amb la t\u00edpica suavitat de l'arbequina, de manera que el seu pas per boca resulta llarg i elegant.<br \/>\nDisponible tamb\u00e9 <a href=\"\/ca\/prod\/aceite-virgen-extra-lata\/\" target=\"_blank\" rel=\"noopener\">en llauna de 25 cl<\/a>.<\/p>","protected":false},"featured_media":2756,"comment_status":"open","ping_status":"closed","template":"","meta":{"site-sidebar-layout":"default","site-content-layout":"default","ast-site-content-layout":"default","site-content-style":"default","site-sidebar-style":"default","ast-global-header-display":"","ast-banner-title-visibility":"","ast-main-header-display":"","ast-hfb-above-header-display":"","ast-hfb-below-header-display":"","ast-hfb-mobile-header-display":"","site-post-title":"","ast-breadcrumbs-content":"","ast-featured-img":"","footer-sml-layout":"","theme-transparent-header-meta":"default","adv-header-id-meta":"","stick-header-meta":"default","header-above-stick-meta":"","header-main-stick-meta":"","header-below-stick-meta":"","astra-migrate-meta-layouts":"set","ast-page-background-enabled":"default","ast-page-background-meta":{"desktop":{"background-color":"","background-image":"","background-repeat":"repeat","background-position":"center center","background-size":"auto","background-attachment":"scroll","background-type":"","background-media":"","overlay-type":"","overlay-color":"","overlay-opacity":"","overlay-gradient":""},"tablet":{"background-color":"","background-image":"","background-repeat":"repeat","background-position":"center center","background-size":"auto","background-attachment":"scroll","background-type":"","background-media":"","overlay-type":"","overlay-color":"","overlay-opacity":"","overlay-gradient":""},"mobile":{"background-color":"","background-image":"","background-repeat":"repeat","background-position":"center center","background-size":"auto","background-attachment":"scroll","background-type":"","background-media":"","overlay-type":"","overlay-color":"","overlay-opacity":"","overlay-gradient":""}},"ast-content-background-meta":{"desktop":{"background-color":"var(--ast-global-color-5)","background-image":"","background-repeat":"repeat","background-position":"center center","background-size":"auto","background-attachment":"scroll","background-type":"","background-media":"","overlay-type":"","overlay-color":"","overlay-opacity":"","overlay-gradient":""},"tablet":{"background-color":"var(--ast-global-color-5)","background-image":"","background-repeat":"repeat","background-position":"center center","background-size":"auto","background-attachment":"scroll","background-type":"","background-media":"","overlay-type":"","overlay-color":"","overlay-opacity":"","overlay-gradient":""},"mobile":{"background-color":"var(--ast-global-color-5)","background-image":"","background-repeat":"repeat","background-position":"center center","background-size":"auto","background-attachment":"scroll","background-type":"","background-media":"","overlay-type":"","overlay-color":"","overlay-opacity":"","overlay-gradient":""}}},"product_brand":[],"product_cat":[26],"product_tag":[],"class_list":{"0":"post-69","1":"product","2":"type-product","3":"status-publish","4":"has-post-thumbnail","6":"product_cat-aceite-de-oliva-extra-virgen","7":"product_shipping_class-bottle","8":"pa_ecologico-si","9":"pa_variedad-arbequina-oliva","10":"desktop-align-center","11":"tablet-align-center","12":"mobile-align-center","13":"ast-product-gallery-layout-vertical","14":"ast-product-tabs-layout-vertical","15":"ast-qv-on-image","17":"first","18":"instock","19":"taxable","20":"shipping-taxable","21":"purchasable","22":"product-type-simple"},"_links":{"self":[{"href":"https:\/\/vegaaixala.com\/ca\/wp-json\/wp\/v2\/product\/69","targetHints":{"allow":["GET"]}}],"collection":[{"href":"https:\/\/vegaaixala.com\/ca\/wp-json\/wp\/v2\/product"}],"about":[{"href":"https:\/\/vegaaixala.com\/ca\/wp-json\/wp\/v2\/types\/product"}],"replies":[{"embeddable":true,"href":"https:\/\/vegaaixala.com\/ca\/wp-json\/wp\/v2\/comments?post=69"}],"wp:featuredmedia":[{"embeddable":true,"href":"https:\/\/vegaaixala.com\/ca\/wp-json\/wp\/v2\/media\/2756"}],"wp:attachment":[{"href":"https:\/\/vegaaixala.com\/ca\/wp-json\/wp\/v2\/media?parent=69"}],"wp:term":[{"taxonomy":"product_brand","embeddable":true,"href":"https:\/\/vegaaixala.com\/ca\/wp-json\/wp\/v2\/product_brand?post=69"},{"taxonomy":"product_cat","embeddable":true,"href":"https:\/\/vegaaixala.com\/ca\/wp-json\/wp\/v2\/product_cat?post=69"},{"taxonomy":"product_tag","embeddable":true,"href":"https:\/\/vegaaixala.com\/ca\/wp-json\/wp\/v2\/product_tag?post=69"}],"curies":[{"name":"wp","href":"https:\/\/api.w.org\/{rel}","templated":true}]}}