{"id":58,"date":"2021-02-16T00:54:41","date_gmt":"2021-02-15T23:54:41","guid":{"rendered":"http:\/\/vegaaixala.com\/producto\/import-placeholder-for-677\/"},"modified":"2026-02-03T18:34:47","modified_gmt":"2026-02-03T17:34:47","slug":"emma-etiqueta-verde","status":"publish","type":"product","link":"https:\/\/vegaaixala.com\/ca\/prod\/emma-etiqueta-verde\/","title":{"rendered":"Emma Etiqueta Verde"},"content":{"rendered":"","protected":false},"excerpt":{"rendered":"<p>Color ataronjat. L'olor \u00e9s molt expressiva i afruitada (pr\u00e9ssec i c\u00edtrics). Resulta molt fresc en boca i destaca la seva acidesa amb rodonesa grassa.<\/p>","protected":false},"featured_media":2690,"comment_status":"open","ping_status":"closed","template":"","meta":{"site-sidebar-layout":"default","site-content-layout":"default","ast-site-content-layout":"default","site-content-style":"default","site-sidebar-style":"default","ast-global-header-display":"","ast-banner-title-visibility":"","ast-main-header-display":"","ast-hfb-above-header-display":"","ast-hfb-below-header-display":"","ast-hfb-mobile-header-display":"","site-post-title":"","ast-breadcrumbs-content":"","ast-featured-img":"","footer-sml-layout":"","theme-transparent-header-meta":"default","adv-header-id-meta":"","stick-header-meta":"default","header-above-stick-meta":"","header-main-stick-meta":"","header-below-stick-meta":"","astra-migrate-meta-layouts":"set","ast-page-background-enabled":"default","ast-page-background-meta":{"desktop":{"background-color":"","background-image":"","background-repeat":"repeat","background-position":"center center","background-size":"auto","background-attachment":"scroll","background-type":"","background-media":"","overlay-type":"","overlay-color":"","overlay-opacity":"","overlay-gradient":""},"tablet":{"background-color":"","background-image":"","background-repeat":"repeat","background-position":"center center","background-size":"auto","background-attachment":"scroll","background-type":"","background-media":"","overlay-type":"","overlay-color":"","overlay-opacity":"","overlay-gradient":""},"mobile":{"background-color":"","background-image":"","background-repeat":"repeat","background-position":"center center","background-size":"auto","background-attachment":"scroll","background-type":"","background-media":"","overlay-type":"","overlay-color":"","overlay-opacity":"","overlay-gradient":""}},"ast-content-background-meta":{"desktop":{"background-color":"var(--ast-global-color-5)","background-image":"","background-repeat":"repeat","background-position":"center center","background-size":"auto","background-attachment":"scroll","background-type":"","background-media":"","overlay-type":"","overlay-color":"","overlay-opacity":"","overlay-gradient":""},"tablet":{"background-color":"var(--ast-global-color-5)","background-image":"","background-repeat":"repeat","background-position":"center center","background-size":"auto","background-attachment":"scroll","background-type":"","background-media":"","overlay-type":"","overlay-color":"","overlay-opacity":"","overlay-gradient":""},"mobile":{"background-color":"var(--ast-global-color-5)","background-image":"","background-repeat":"repeat","background-position":"center center","background-size":"auto","background-attachment":"scroll","background-type":"","background-media":"","overlay-type":"","overlay-color":"","overlay-opacity":"","overlay-gradient":""}}},"product_brand":[],"product_cat":[20,91],"product_tag":[],"class_list":{"0":"post-58","1":"product","2":"type-product","3":"status-publish","4":"has-post-thumbnail","6":"product_cat-blanco","7":"product_cat-orange","8":"product_shipping_class-bottle","9":"pa_anada-102","10":"pa_ecologico-si","11":"pa_elaboracion-maceracion-con-pieles-8-dias","12":"pa_natural-sin-aditivos-sin-aditivos","13":"pa_tipo-blanco","14":"pa_tipo-orange","15":"pa_tipo-de-crianza-crianza-en-anfora","16":"pa_tipo-de-crianza-5-meses-en-anfora-de-barro-tinaja","17":"pa_variedad-coupage","18":"desktop-align-center","19":"tablet-align-center","20":"mobile-align-center","21":"ast-product-gallery-layout-vertical","22":"ast-product-gallery-with-no-image","23":"ast-product-tabs-layout-vertical","24":"ast-qv-on-image","26":"first","27":"instock","28":"taxable","29":"shipping-taxable","30":"purchasable","31":"product-type-simple"},"_links":{"self":[{"href":"https:\/\/vegaaixala.com\/ca\/wp-json\/wp\/v2\/product\/58","targetHints":{"allow":["GET"]}}],"collection":[{"href":"https:\/\/vegaaixala.com\/ca\/wp-json\/wp\/v2\/product"}],"about":[{"href":"https:\/\/vegaaixala.com\/ca\/wp-json\/wp\/v2\/types\/product"}],"replies":[{"embeddable":true,"href":"https:\/\/vegaaixala.com\/ca\/wp-json\/wp\/v2\/comments?post=58"}],"wp:featuredmedia":[{"embeddable":true,"href":"https:\/\/vegaaixala.com\/ca\/wp-json\/wp\/v2\/media\/2690"}],"wp:attachment":[{"href":"https:\/\/vegaaixala.com\/ca\/wp-json\/wp\/v2\/media?parent=58"}],"wp:term":[{"taxonomy":"product_brand","embeddable":true,"href":"https:\/\/vegaaixala.com\/ca\/wp-json\/wp\/v2\/product_brand?post=58"},{"taxonomy":"product_cat","embeddable":true,"href":"https:\/\/vegaaixala.com\/ca\/wp-json\/wp\/v2\/product_cat?post=58"},{"taxonomy":"product_tag","embeddable":true,"href":"https:\/\/vegaaixala.com\/ca\/wp-json\/wp\/v2\/product_tag?post=58"}],"curies":[{"name":"wp","href":"https:\/\/api.w.org\/{rel}","templated":true}]}}