{"id":137,"date":"2021-02-16T02:55:37","date_gmt":"2021-02-16T01:55:37","guid":{"rendered":"http:\/\/vegaaixala.com\/?page_id=137"},"modified":"2021-04-20T12:59:21","modified_gmt":"2021-04-20T10:59:21","slug":"privacidad-y-cookies","status":"publish","type":"page","link":"https:\/\/vegaaixala.com\/ca\/privacidad-y-cookies\/","title":{"rendered":"Privadesa i galetes"},"content":{"rendered":"<div style=\"height:50px\" aria-hidden=\"true\" class=\"wp-block-spacer\"><\/div><h3 class=\"wp-block-heading\">RESPONSABLE DEL TRACTAMENT<\/h3><p>Identitat: VILANOVA VINS, S.L.<\/p><p>CIF: B43909449<\/p><p>Adre\u00e7a postal: Carrer de la Font, 11, 43439 Vilanova de Prades (Conca de Barber\u00e0)<\/p><p>Tel\u00e8fon: (+34) 636 519 821<\/p><p>Adre\u00e7a electr\u00f2nica: <a href=\"mailto:red@vegaaixala.com\">red@vegaaixala.com<\/a><\/p><div style=\"height:50px\" aria-hidden=\"true\" class=\"wp-block-spacer\"><\/div><h3 class=\"wp-block-heading\">FINALITAT DEL TRACTAMENT<\/h3><p>Les teves dades personals nom\u00e9s s\u2019utilitzaran amb les finalitats seg\u00fcents:<\/p><ol class=\"wp-block-list\" type=\"1\"><li>Enviament d\u2019informaci\u00f3 operativa i comercial per via electr\u00f2nica o no electr\u00f2nica relacionada amb els productes i serveis de VILANOVA VINS, SL, com ara ofertes, promocions, butlletins d\u2019informaci\u00f3, etc\u00e8tera.<\/li><li>Servei d\u2019atenci\u00f3 al client, resoluci\u00f3 de dubtes i presentaci\u00f3 de queixes o suggeriments.<\/li><li>Gesti\u00f3 de les comandes fetes a trav\u00e9s d\u2019aquesta p\u00e0gina web.<\/li><\/ol><p>Les dades personals proporcionades es conservaran fins que la persona interessada en sol\u00b7liciti la supressi\u00f3 i, en qualsevol cas, mentre duri la relaci\u00f3 mercantil.<\/p><div style=\"height:50px\" aria-hidden=\"true\" class=\"wp-block-spacer\"><\/div><h3 class=\"wp-block-heading\">LEGITIMACI\u00d3 DEL TRACTAMENT<\/h3><p>La base legal per al tractament de les dades personals amb les finalitats 1 i 2 \u00e9s la legitimaci\u00f3 per consentiment de la persona interessada, que l\u2019atorgar\u00e0 quan se li sol\u00b7liciti.<\/p><p>En el cas de la gesti\u00f3 de les comandes fetes (finalitat 3), VILANOVA VINS, SL estar\u00e0 legitimada al tractament de dades quan sigui necessari per a l\u2019execuci\u00f3 del contracte. Comunicar les dades personals m\u00ednimes \u00e9s un requisit indispensable per subscriure el contracte, de manera que si no ens facilites les teves no et podrem proporcionar el producte o servei sol\u00b7licitat.<\/p><div style=\"height:50px\" aria-hidden=\"true\" class=\"wp-block-spacer\"><\/div><h3 class=\"wp-block-heading\">DESTINATARIS DE CESSIONS O COMUNICACIONS DE DADES<\/h3><p>VILANOVA VINS, SL no cedeix ni comunica dades en cap cas, ni dins ni fora de la Uni\u00f3 Europea.<\/p><div style=\"height:50px\" aria-hidden=\"true\" class=\"wp-block-spacer\"><\/div><h3 class=\"wp-block-heading\">DRETS DE LES PERSONES INTERESSADES<\/h3><p>Tothom t\u00e9 dret a esbrinar si VILANOVA VINS, SL tracta o no les seves dades personals.<\/p><p>D\u2019altra banda, qualsevol persona interessada podr\u00e0 sol\u00b7licitar l\u2019exercici dels drets seg\u00fcents davant VILANOVA VINS, SL presentant un escrit a l\u2019adre\u00e7a postal indicada m\u00e9s amunt:<\/p><ul class=\"wp-block-list\"><li>Dret d\u2019acc\u00e9s: permet a la persona interessada saber si es tracten les seves dades personals i obtenir informaci\u00f3 sobre com es tracten.<\/li><li>Dret de rectificaci\u00f3: permet corregir errors, modificar les dades inexactes o incompletes i garantir la certesa de la informaci\u00f3 que es tracta.<\/li><li>Dret de supressi\u00f3: permet suprimir les dades inadequades o excessives.<\/li><li>Dret d\u2019oposici\u00f3: permet a la persona interessada oposar-se al tractament de les seves dades personals.<\/li><li>Dret a la limitaci\u00f3 del tractament: permet el marcat de les dades personals conservades amb la finalitat de limitar-ne el tractament en el futur.<\/li><li>Dret a la portabilitat: permet a la persona interessada rebre les dades personals que ha facilitat al responsable del tractament per poder transmetre-les a un altre responsable sense cap mena d\u2019impediment.<\/li><li>Dret a no ser objecte de decisions individuals automatitzades (inclosa l\u2019elaboraci\u00f3 de perfils): permet a la persona interessada no ser objecte d\u2019una decisi\u00f3 basada en el tractament automatitzat que produeixi efectes jur\u00eddics o l\u2019afecti negativament.<\/li><li>La persona interessada pot revocar en qualsevol moment el consentiment atorgat pr\u00e8viament per utilitzar les seves dades. Si revoques el consentiment per emmagatzemar i processar les teves dades, VILANOVA VINS, SL no et podr\u00e0 proporcionar determinats serveis.&nbsp;<\/li><\/ul><p>En cas de desatenci\u00f3 d\u2019algun dels drets esmentats, la persona interessada podr\u00e0 interposar la reclamaci\u00f3 de tutela corresponent davant l\u2019Ag\u00e8ncia Espanyola de Protecci\u00f3 de Dades.<\/p><div style=\"height:50px\" aria-hidden=\"true\" class=\"wp-block-spacer\"><\/div><h3 class=\"wp-block-heading\">POL\u00cdTICA DE GALETES<\/h3><div style=\"height:20px\" aria-hidden=\"true\" class=\"wp-block-spacer\"><\/div><h4 class=\"wp-block-heading\">Qu\u00e8 s\u00f3n les galetes?<\/h4><p>Aquesta p\u00e0gina web utilitza galetes. Les galetes s\u00f3n arxius de desc\u00e0rrega que s\u2019instal\u00b7len al navegador de l\u2019ordinador. Entre altres coses, permeten a una p\u00e0gina web emmagatzemar i recuperar informaci\u00f3 sobre els h\u00e0bits de navegaci\u00f3 de l\u2019usuari o del seu ordinador; segons la informaci\u00f3 que contingui i l\u2019\u00fas que se\u2019n faci, les galetes es poden emprar per recon\u00e8ixer l\u2019usuari.<\/p><div style=\"height:20px\" aria-hidden=\"true\" class=\"wp-block-spacer\"><\/div><h4 class=\"wp-block-heading\">Quines tipologies de galetes s\u2019utilitzen en aquesta web?<\/h4><ol class=\"wp-block-list\" type=\"1\"><li>Tipus de galetes segons l\u2019entitat que gestiona l\u2019equip o domini des d\u2019on s\u2019envien les galetes i que tracta les dades obtingudes:<\/li><\/ol><ul class=\"wp-block-list\"><li>Galetes pr\u00f2pies. S\u00f3n les que s\u2019envien a l\u2019equip terminal de l\u2019usuari des d\u2019un equip o domini gestionat pel mateix editor des del qual s\u2019ofereix el servei sol\u00b7licitat per l\u2019usuari.<\/li><li>Galetes de tercers. S\u00f3n les que s\u2019envien a l\u2019equip terminal de l\u2019usuari des d\u2019un equip o domini que no est\u00e0 gestionat per l\u2019editor, sin\u00f3 per una altra entitat que tracta les dades obtingudes a trav\u00e9s de les galetes.<\/li><\/ul><ol class=\"wp-block-list\" start=\"2\"><li>Tipus de galetes segons el temps que romanen actives a l\u2019equip terminal:<\/li><\/ol><ul class=\"wp-block-list\"><li>Galetes de sessi\u00f3. S\u00f3n les que es dissenyen per recopilar i emmagatzemar dades mentre l\u2019usuari accedeix a una p\u00e0gina web.<\/li><li>Galetes persistents. S\u00f3n les que permeten emmagatzemar les dades al terminal per accedir-hi i tractar-les durant un per\u00edode establert pel responsable de les galetes, que pot anar des d\u2019uns quants minuts fins a diversos anys.<\/li><\/ul><ol class=\"wp-block-list\" start=\"3\"><li>Tipus de galetes segons la seva finalitat:<\/li><\/ol><ul class=\"wp-block-list\"><li>Galetes t\u00e8cniques. S\u00f3n les que es consideren necess\u00e0ries per al bon funcionament de la p\u00e0gina web i imprescindibles perqu\u00e8 l\u2019usuari pugui utilitzar els serveis, accedir als continguts i interaccionar amb les funcionalitats. Si les desactives, \u00e9s possible que la web no funcioni correctament.<\/li><li>Galetes anal\u00edtiques. S\u00f3n les que permeten seguir i analitzar el comportament de l\u2019usuari a la p\u00e0gina web a qu\u00e8 estan vinculades. La informaci\u00f3 recopilada es fa servir per mesurar les audi\u00e8ncies, el tr\u00e0nsit i la implicaci\u00f3 en relaci\u00f3 amb la p\u00e0gina web. Tamb\u00e9 permeten esbrinar el navegador i l\u2019idioma triats, entre altres coses. Aquestes galetes s\u2019activen de manera autom\u00e0tica a la nostra p\u00e0gina web, per\u00f2 les pots desactivar mitjan\u00e7ant els sistemes d\u2019exclusi\u00f3 proporcionats per les eines o la configuraci\u00f3 del navegador.<\/li><li>Galetes publicit\u00e0ries. S\u00f3n les que permeten gestionar amb la m\u00e0xima efic\u00e0cia possible els espais publicitaris que l\u2019editor hagi incl\u00f2s a la p\u00e0gina web, aplicaci\u00f3 o plataforma des de la qual ofereix el servei sol\u00b7licitat basant-se en criteris com el contingut editat o la freq\u00fc\u00e8ncia amb qu\u00e8 es mostren els anuncis.<\/li><li>Galetes socials. S\u00f3n les que es necessiten per a les xarxes socials externes (Facebook, Google+, Twitter, Pinterest, etc.); la seva funci\u00f3 \u00e9s controlar la interacci\u00f3 amb els ginys socials dins d\u2019una p\u00e0gina web.<\/li><\/ul><div style=\"height:50px\" aria-hidden=\"true\" class=\"wp-block-spacer\"><\/div><h4 class=\"wp-block-heading\">GALETES FUNCIONALS<\/h4><p>De: Lloc web Vega Aixal\u00e0<\/p><p>Informaci\u00f3: PR\u00d2PIES \/ PERSISTENT (180 dies)<\/p><p>Ens permeten saber que ets major d'edat i per tant tens dret a fer servir aquesta p\u00e0gina web.<\/p><p>De: Botiga web Vega Aixal\u00e0<\/p><p>Informaci\u00f3: PR\u00d2PIES \/ DE SESSI\u00d3<\/p><p>S'activen quan un usuari interactua amb la botiga. Ens permeten detectar els canvis en el contingut de la cistella. Aquestes galetes no emmagatzemen informaci\u00f3 personal.<\/p><h4 class=\"wp-block-heading\">GALETES ANAL\u00cdTIQUES<\/h4><p>Origen: GOOGLE &nbsp;&nbsp;&nbsp;&nbsp;&nbsp;&nbsp;&nbsp;&nbsp;&nbsp;&nbsp;&nbsp;<\/p><p>Informaci\u00f3: DE TERCERS \/ PERSISTENT<\/p><p>Ens ajuda a entendre com interaccionen els visitants amb les propietats de la web. Utilitza un conjunt de galetes per recopilar informaci\u00f3 i generar estad\u00edstiques d\u2019\u00fas de la nostra p\u00e0gina web. M\u00e9s informaci\u00f3: https:\/\/support.google.com\/analytics\/answer\/6004245?hl=ca<\/p><p>Sistema de rebuig (\u201copt-out\u201d): https:\/\/tools.google.com\/dlpage\/gaoptout?hl=None<\/p><p>Conservaci\u00f3: permanent<\/p><h4 class=\"wp-block-heading\">GALETES SOCIALS<\/h4><p>Origen: FACEBOOK CONNECT&nbsp;&nbsp;&nbsp;<\/p><p>Informaci\u00f3: DE TERCERS \/ PERSISTENT<\/p><p>Facebook Connect \u00e9s un servei titularitat de Facebook, Inc. que t\u00e9 la finalitat de controlar la interacci\u00f3 amb els ginys socials. Aquesta galeta permet a l\u2019usuari compartir continguts del lloc web amb tercers i publicar comentaris a les xarxes socials en qu\u00e8 tingui un perfil.<\/p><p>M\u00e9s informaci\u00f3: https:\/\/ca-es.facebook.com\/policies\/cookies\/<\/p><div style=\"height:50px\" aria-hidden=\"true\" class=\"wp-block-spacer\"><\/div><p>Aix\u00ed mateix, t\u2019informem que pots ajustar f\u00e0cilment la configuraci\u00f3 del navegador en qualsevol moment per bloquejar o eliminar les galetes instal\u00b7lades. No obstant aix\u00f2, desactivar-les podria alterar el funcionament de la p\u00e0gina web i fer que determinats serveis no estiguin disponibles.<\/p><p>Cada navegador t\u00e9 una configuraci\u00f3 diferent per desactivar o eliminar les galetes; als enlla\u00e7os seg\u00fcents s\u2019indiquen els passos que cal seguir per fer-ho en els m\u00e9s utilitzats.<\/p><ul class=\"wp-block-list\"><li>Google Chrome: https:\/\/support.google.com\/chrome\/answer\/95647?hl=ca<\/li><li>Internet Explorer: https:\/\/support.microsoft.com\/es-es\/topic\/c\u00f3mo-eliminar-archivos-de-cookies-en-internet-explorer-bca9446f-d873-78de-77ba-d42645fa52fc<\/li><li>Mozilla Firefox: https:\/\/support.mozilla.org\/es\/kb\/habilitar-y-deshabilitar-cookies-sitios-web-rastrear-preferencias<\/li><li>Safari: https:\/\/support.apple.com\/ca-es\/guide\/safari\/sfri11471\/mac<\/li><\/ul><div style=\"height:50px\" aria-hidden=\"true\" class=\"wp-block-spacer\"><\/div><p>Aquesta Pol\u00edtica de galetes es pot anar modificant en funci\u00f3 dels canvis legislatius amb l\u2019objectiu d\u2019adaptar-la a les instruccions dictades per l\u2019Ag\u00e8ncia Espanyola de Protecci\u00f3 de Dades, aix\u00ed que es recomana consultar-la peri\u00f2dicament.<\/p><p>Si vols modificar el teu consentiment, pot fer-ho en tot moment enviant un correu electr\u00f2nic a <a href=\"mailto:red@vegaaixala.com\">red@vegaaixala.com<\/a><\/p><div style=\"height:50px\" aria-hidden=\"true\" class=\"wp-block-spacer\"><\/div><p><\/p>","protected":false},"excerpt":{"rendered":"<p>RESPONSABLE DEL TRATAMIENTO Identidad: VILANOVA VINS, S.L. CIF: B43909449 Direcci\u00f3n [&hellip;]<\/p>","protected":false},"author":1,"featured_media":0,"parent":0,"menu_order":0,"comment_status":"closed","ping_status":"closed","template":"","meta":{"site-sidebar-layout":"default","site-content-layout":"default","ast-site-content-layout":"default","site-content-style":"default","site-sidebar-style":"default","ast-global-header-display":"","ast-banner-title-visibility":"","ast-main-header-display":"","ast-hfb-above-header-display":"","ast-hfb-below-header-display":"","ast-hfb-mobile-header-display":"","site-post-title":"","ast-breadcrumbs-content":"","ast-featured-img":"","footer-sml-layout":"","theme-transparent-header-meta":"default","adv-header-id-meta":"","stick-header-meta":"default","header-above-stick-meta":"","header-main-stick-meta":"","header-below-stick-meta":"","astra-migrate-meta-layouts":"default","ast-page-background-enabled":"default","ast-page-background-meta":{"desktop":{"background-color":"","background-image":"","background-repeat":"repeat","background-position":"center center","background-size":"auto","background-attachment":"scroll","background-type":"","background-media":"","overlay-type":"","overlay-color":"","overlay-opacity":"","overlay-gradient":""},"tablet":{"background-color":"","background-image":"","background-repeat":"repeat","background-position":"center center","background-size":"auto","background-attachment":"scroll","background-type":"","background-media":"","overlay-type":"","overlay-color":"","overlay-opacity":"","overlay-gradient":""},"mobile":{"background-color":"","background-image":"","background-repeat":"repeat","background-position":"center center","background-size":"auto","background-attachment":"scroll","background-type":"","background-media":"","overlay-type":"","overlay-color":"","overlay-opacity":"","overlay-gradient":""}},"ast-content-background-meta":{"desktop":{"background-color":"var(--ast-global-color-5)","background-image":"","background-repeat":"repeat","background-position":"center center","background-size":"auto","background-attachment":"scroll","background-type":"","background-media":"","overlay-type":"","overlay-color":"","overlay-opacity":"","overlay-gradient":""},"tablet":{"background-color":"var(--ast-global-color-5)","background-image":"","background-repeat":"repeat","background-position":"center center","background-size":"auto","background-attachment":"scroll","background-type":"","background-media":"","overlay-type":"","overlay-color":"","overlay-opacity":"","overlay-gradient":""},"mobile":{"background-color":"var(--ast-global-color-5)","background-image":"","background-repeat":"repeat","background-position":"center center","background-size":"auto","background-attachment":"scroll","background-type":"","background-media":"","overlay-type":"","overlay-color":"","overlay-opacity":"","overlay-gradient":""}},"footnotes":""},"class_list":["post-137","page","type-page","status-publish","hentry"],"_links":{"self":[{"href":"https:\/\/vegaaixala.com\/ca\/wp-json\/wp\/v2\/pages\/137","targetHints":{"allow":["GET"]}}],"collection":[{"href":"https:\/\/vegaaixala.com\/ca\/wp-json\/wp\/v2\/pages"}],"about":[{"href":"https:\/\/vegaaixala.com\/ca\/wp-json\/wp\/v2\/types\/page"}],"author":[{"embeddable":true,"href":"https:\/\/vegaaixala.com\/ca\/wp-json\/wp\/v2\/users\/1"}],"replies":[{"embeddable":true,"href":"https:\/\/vegaaixala.com\/ca\/wp-json\/wp\/v2\/comments?post=137"}],"version-history":[{"count":0,"href":"https:\/\/vegaaixala.com\/ca\/wp-json\/wp\/v2\/pages\/137\/revisions"}],"wp:attachment":[{"href":"https:\/\/vegaaixala.com\/ca\/wp-json\/wp\/v2\/media?parent=137"}],"curies":[{"name":"wp","href":"https:\/\/api.w.org\/{rel}","templated":true}]}}